{"id":122,"date":"2025-09-15T23:40:16","date_gmt":"2025-09-15T23:40:16","guid":{"rendered":"https:\/\/902477.jweiland-hosting.de\/akkomi\/?page_id=122"},"modified":"2025-09-15T23:53:20","modified_gmt":"2025-09-15T23:53:20","slug":"impressum","status":"publish","type":"page","link":"https:\/\/akademie-mittelhessen.de\/index.php\/impressum\/","title":{"rendered":"Impressum"},"content":{"rendered":"\n<div style=\"height:80px\" aria-hidden=\"true\" class=\"wp-block-spacer\"><\/div>\n\n\n\n<div class=\"wp-block-group\" style=\"padding-right:var(--wp--preset--spacing--80);padding-left:var(--wp--preset--spacing--80)\"><div class=\"wp-block-group__inner-container is-layout-constrained wp-container-core-group-is-layout-8de92ddb wp-block-group-is-layout-constrained\">\n<h1 class=\"wp-block-heading has-small-font-size\">Impressum<\/h1>\n\n\n\n<h2 class=\"wp-block-heading has-small-font-size\">Angaben gem\u00e4\u00df \u00a7 5 TMG<\/h2>\n\n\n\n<p class=\"has-small-font-size\">Christoph Vetter<br>Akademie f\u00fcr Kommunikation Mittelhessen UG (haftungsbeschr\u00e4nkt)<br>Fockestra\u00dfe 3<br>35394 Gie\u00dfen<br>Deutschland<\/p>\n\n\n\n<h2 class=\"wp-block-heading has-small-font-size\">Kontakt<\/h2>\n\n\n\n<p class=\"has-small-font-size\">Telefon: +49 (0) 156 \/ 79 12 04 41<br>E-Mail: c.vetter@akkomi.de<\/p>\n\n\n\n<h2 class=\"wp-block-heading has-small-font-size\">Redaktionell verantwortlich<\/h2>\n\n\n\n<p class=\"has-small-font-size\">Christoph Vetter<\/p>\n\n\n\n<h2 class=\"wp-block-heading has-small-font-size\">EU-Streitschlichtung<\/h2>\n\n\n\n<p class=\"has-small-font-size\">Die Europ\u00e4ische Kommission stellt eine Plattform zur Online-Streitbeilegung (OS) bereit:&nbsp;<a href=\"https:\/\/ec.europa.eu\/consumers\/odr\/\" target=\"_blank\" rel=\"noreferrer noopener\">https:\/\/ec.europa.eu\/consumers\/odr\/<\/a>.<br>Unsere E-Mail-Adresse finden Sie oben im Impressum.<\/p>\n\n\n\n<h2 class=\"wp-block-heading has-small-font-size\">Verbraucher\u00adstreit\u00adbeilegung\/Universal\u00adschlichtungs\u00adstelle<\/h2>\n\n\n\n<p class=\"has-small-font-size\">Wir sind nicht verpflichtet, an Streitbeilegungsverfahren vor einer Verbraucherschlichtungsstelle teilzunehmen.<\/p>\n\n\n\n<p class=\"has-small-font-size\">Quelle:&nbsp;<a href=\"https:\/\/www.e-recht24.de\/\">e-recht24.de<\/a><\/p>\n<\/div><\/div>\n","protected":false},"excerpt":{"rendered":"<p>Impressum Angaben gem\u00e4\u00df \u00a7 5 TMG Christoph VetterAkademie f\u00fcr Kommunikation Mittelhessen UG (haftungsbeschr\u00e4nkt)Fockestra\u00dfe 335394 Gie\u00dfenDeutschland Kontakt Telefon: +49 (0) 156 \/ 79 12 04 41E-Mail: c.vetter@akkomi.de Redaktionell verantwortlich Christoph Vetter EU-Streitschlichtung Die Europ\u00e4ische Kommission stellt eine Plattform zur Online-Streitbeilegung (OS) bereit:&nbsp;https:\/\/ec.europa.eu\/consumers\/odr\/.Unsere E-Mail-Adresse finden Sie oben im Impressum. Verbraucher\u00adstreit\u00adbeilegung\/Universal\u00adschlichtungs\u00adstelle Wir sind nicht verpflichtet, an Streitbeilegungsverfahren vor&#8230;<\/p>\n","protected":false},"author":1,"featured_media":0,"parent":0,"menu_order":0,"comment_status":"closed","ping_status":"closed","template":"","meta":{"_kad_post_transparent":"","_kad_post_title":"","_kad_post_layout":"","_kad_post_sidebar_id":"","_kad_post_content_style":"","_kad_post_vertical_padding":"","_kad_post_feature":"","_kad_post_feature_position":"","_kad_post_header":false,"_kad_post_footer":false,"_kad_post_classname":"","footnotes":""},"class_list":["post-122","page","type-page","status-publish","hentry"],"_links":{"self":[{"href":"https:\/\/akademie-mittelhessen.de\/index.php\/wp-json\/wp\/v2\/pages\/122","targetHints":{"allow":["GET"]}}],"collection":[{"href":"https:\/\/akademie-mittelhessen.de\/index.php\/wp-json\/wp\/v2\/pages"}],"about":[{"href":"https:\/\/akademie-mittelhessen.de\/index.php\/wp-json\/wp\/v2\/types\/page"}],"author":[{"embeddable":true,"href":"https:\/\/akademie-mittelhessen.de\/index.php\/wp-json\/wp\/v2\/users\/1"}],"replies":[{"embeddable":true,"href":"https:\/\/akademie-mittelhessen.de\/index.php\/wp-json\/wp\/v2\/comments?post=122"}],"version-history":[{"count":4,"href":"https:\/\/akademie-mittelhessen.de\/index.php\/wp-json\/wp\/v2\/pages\/122\/revisions"}],"predecessor-version":[{"id":134,"href":"https:\/\/akademie-mittelhessen.de\/index.php\/wp-json\/wp\/v2\/pages\/122\/revisions\/134"}],"wp:attachment":[{"href":"https:\/\/akademie-mittelhessen.de\/index.php\/wp-json\/wp\/v2\/media?parent=122"}],"curies":[{"name":"wp","href":"https:\/\/api.w.org\/{rel}","templated":true}]}}